{"id":102,"date":"2025-01-21T12:38:14","date_gmt":"2025-01-21T12:38:14","guid":{"rendered":"http:\/\/cogepam.metabuzz-agence.com\/?page_id=102"},"modified":"2025-02-19T16:42:50","modified_gmt":"2025-02-19T16:42:50","slug":"systeme-de-refroidissement-central","status":"publish","type":"page","link":"http:\/\/cogepam.groupe-bayoudh.com\/?page_id=102","title":{"rendered":"Syst\u00e8me de refroidissement central"},"content":{"rendered":"<p>[et_pb_section fb_built=\u00a0\u00bb1&Prime; admin_label=\u00a0\u00bbsection\u00a0\u00bb _builder_version=\u00a0\u00bb4.16&Prime; global_colors_info=\u00a0\u00bb{}\u00a0\u00bb theme_builder_area=\u00a0\u00bbpost_content\u00a0\u00bb][et_pb_row admin_label=\u00a0\u00bbrow\u00a0\u00bb _builder_version=\u00a0\u00bb4.16&Prime; background_size=\u00a0\u00bbinitial\u00a0\u00bb background_position=\u00a0\u00bbtop_left\u00a0\u00bb background_repeat=\u00a0\u00bbrepeat\u00a0\u00bb global_colors_info=\u00a0\u00bb{}\u00a0\u00bb theme_builder_area=\u00a0\u00bbpost_content\u00a0\u00bb][et_pb_column type=\u00a0\u00bb4_4&Prime; _builder_version=\u00a0\u00bb4.16&Prime; custom_padding=\u00a0\u00bb|||\u00a0\u00bb global_colors_info=\u00a0\u00bb{}\u00a0\u00bb custom_padding__hover=\u00a0\u00bb|||\u00a0\u00bb theme_builder_area=\u00a0\u00bbpost_content\u00a0\u00bb][et_pb_blurb title=\u00a0\u00bbSyst\u00e8mes de Refroidissement Central\u00a0\u00bb content_max_width=\u00a0\u00bb2000px\u00a0\u00bb _builder_version=\u00a0\u00bb4.21.0&Prime; _module_preset=\u00a0\u00bbdefault\u00a0\u00bb header_font=\u00a0\u00bbPoppins|600|||||||\u00a0\u00bb header_text_align=\u00a0\u00bbleft\u00a0\u00bb header_font_size=\u00a0\u00bb25px\u00a0\u00bb header_line_height=\u00a0\u00bb3em\u00a0\u00bb body_font_size=\u00a0\u00bb16px\u00a0\u00bb module_alignment=\u00a0\u00bbleft\u00a0\u00bb hover_enabled=\u00a0\u00bb0&Prime; header_font_size_tablet=\u00a0\u00bb25px\u00a0\u00bb header_font_size_phone=\u00a0\u00bb25px\u00a0\u00bb header_font_size_last_edited=\u00a0\u00bbon|phone\u00a0\u00bb header_line_height_tablet=\u00a0\u00bb3em\u00a0\u00bb header_line_height_phone=\u00a0\u00bb1.4em\u00a0\u00bb header_line_height_last_edited=\u00a0\u00bbon|desktop\u00a0\u00bb body_font_size_tablet=\u00a0\u00bb16px\u00a0\u00bb body_font_size_phone=\u00a0\u00bb15px\u00a0\u00bb body_font_size_last_edited=\u00a0\u00bbon|phone\u00a0\u00bb global_colors_info=\u00a0\u00bb{}\u00a0\u00bb theme_builder_area=\u00a0\u00bbpost_content\u00a0\u00bb sticky_enabled=\u00a0\u00bb0&Prime;]<\/p>\n<p><strong>Centrales Frigorifiques COGEPAM : Le Froid Performant et Centralis\u00e9 pour les Grandes Installations.<\/strong><\/p>\n<p>Vous avez besoin d&rsquo;une solution de r\u00e9frig\u00e9ration puissante pour des applications de grande<\/p>\n<p>envergure ?<\/p>\n<p>Les centrales frigorifiques Cogepam repr\u00e9sentent le choix id\u00e9al. Contrairement aux syst\u00e8mes<\/p>\n<p>individuels, elles centralisent la production de froid dans une salle des machines unique, alimentant<\/p>\n<p>de multiples points de refroidissement avec une efficacit\u00e9 optimale. Profitez d&rsquo;une performance<\/p>\n<p>in\u00e9gal\u00e9e, d&rsquo;une efficacit\u00e9 \u00e9nerg\u00e9tique accrue, d&rsquo;une fiabilit\u00e9 \u00e0 toute \u00e9preuve et d&rsquo;une gestion<\/p>\n<p>centralis\u00e9e simplifi\u00e9e, \u00e0 condition d&rsquo;une conception et d&rsquo;une maintenance expertes. Pour des<\/p>\n<p>besoins de refroidissement importants et distribu\u00e9s, COGEPAM vous offre la solution centrale par<\/p>\n<p>excellence.<\/p>\n<p>[\/et_pb_blurb][\/et_pb_column][\/et_pb_row][\/et_pb_section]<\/p>\n","protected":false},"excerpt":{"rendered":"<p>Centrales Frigorifiques COGEPAM : Le Froid Performant et Centralis\u00e9 pour les Grandes Installations. Vous avez besoin d&rsquo;une solution de r\u00e9frig\u00e9ration puissante pour des applications de grande envergure ? Les centrales frigorifiques Cogepam repr\u00e9sentent le choix id\u00e9al. Contrairement aux syst\u00e8mes individuels, elles centralisent la production de froid dans une salle des machines unique, alimentant de multiples [&hellip;]<\/p>\n","protected":false},"author":1,"featured_media":0,"parent":0,"menu_order":0,"comment_status":"closed","ping_status":"closed","template":"","meta":{"_et_pb_use_builder":"on","_et_pb_old_content":"<!-- wp:divi\/placeholder \/-->","_et_gb_content_width":"","footnotes":""},"class_list":["post-102","page","type-page","status-publish","hentry"],"_links":{"self":[{"href":"http:\/\/cogepam.groupe-bayoudh.com\/index.php?rest_route=\/wp\/v2\/pages\/102","targetHints":{"allow":["GET"]}}],"collection":[{"href":"http:\/\/cogepam.groupe-bayoudh.com\/index.php?rest_route=\/wp\/v2\/pages"}],"about":[{"href":"http:\/\/cogepam.groupe-bayoudh.com\/index.php?rest_route=\/wp\/v2\/types\/page"}],"author":[{"embeddable":true,"href":"http:\/\/cogepam.groupe-bayoudh.com\/index.php?rest_route=\/wp\/v2\/users\/1"}],"replies":[{"embeddable":true,"href":"http:\/\/cogepam.groupe-bayoudh.com\/index.php?rest_route=%2Fwp%2Fv2%2Fcomments&post=102"}],"version-history":[{"count":3,"href":"http:\/\/cogepam.groupe-bayoudh.com\/index.php?rest_route=\/wp\/v2\/pages\/102\/revisions"}],"predecessor-version":[{"id":147,"href":"http:\/\/cogepam.groupe-bayoudh.com\/index.php?rest_route=\/wp\/v2\/pages\/102\/revisions\/147"}],"wp:attachment":[{"href":"http:\/\/cogepam.groupe-bayoudh.com\/index.php?rest_route=%2Fwp%2Fv2%2Fmedia&parent=102"}],"curies":[{"name":"wp","href":"https:\/\/api.w.org\/{rel}","templated":true}]}}